{"id":3855,"date":"2017-07-21T18:01:39","date_gmt":"2017-07-21T16:01:39","guid":{"rendered":"https:\/\/southeasthotel.it\/?page_id=3855\/"},"modified":"2017-07-21T18:01:48","modified_gmt":"2017-07-21T16:01:48","slug":"privacy-policy","status":"publish","type":"page","link":"https:\/\/southeasthotel.it\/en\/privacy-policy\/","title":{"rendered":"Privacy Policy"},"content":{"rendered":"<p class=\"p1\"><span class=\"s1\">Durante la tua navigazione sul nostro sito acquisiamo alcuni dati, come l\u2019indirizzo IP del tuo computer e le pagine del sito visitate. Questi dati vengono raccolti esclusivamente per assicurarci che il sito sia funzionante e navigabile in modo corretto. Raccogliamo alcuni dati per fini commerciali e, in alcuni casi, per l\u2019identificazione dell\u2019utente, che resta comunque anonimo.<\/span><\/p>\n<p class=\"p4\"><span class=\"s1\"><b>COSA SONO I COOKIES<\/b><\/span><\/p>\n<p class=\"p2\"><span class=\"s1\">I cookies sono delle informazioni scambiate tra il server di <\/span><span class=\"s2\"><b>del nostro sito<\/b><\/span><span class=\"s1\"> e il tuo computer. Permettono di creare delle statistiche sulle aree del sito visitate dagli utenti in modo anonimo e vengono memorizzati per essere poi ritrasmessi al sito stesso alla visita successiva.<\/span><\/p>\n<p class=\"p4\"><span class=\"s1\"><b>I COOKIES UTILIZZATI QUINDI NON CONTENGONO NESSUNA INFORMAZIONE PERSONALE SUGLI UTENTI.<\/b><\/span><\/p>\n<p class=\"p2\"><span class=\"s1\">I cookies possono essere istallati dal sito che stai visitando, (detti <i>cookies interni<\/i>: Tecnici, Analytics e di Profilazione) o possono essere installati da altri siti web (detti <i>cookies di terze parti<\/i>). La maggior parte dei browser \u00e8 in grado di rilevare cookies e di chiederne o meno l\u2019accettazione. Se hai impostato il browser in modo da non accettare cookies l\u2019interazione con il sito potrebbe essere difficoltosa.<\/span><\/p>\n<p class=\"p4\"><span class=\"s1\"><b>COSA SONO I COOKIES \u201cTECNICI\u201d<\/b><\/span><\/p>\n<p class=\"p2\"><span class=\"s1\">Sono i cookies necessari alla navigazione, senza di essi non saresti in grado di navigare il nostro sito e utilizzare alcune delle sue funzioni. Alcuni esempi: scelta della lingua, ricordare il flusso di adesione di un\u2019offerta e le scelte effettuate durante la navigazione.<\/span><\/p>\n<p class=\"p4\"><span class=\"s1\"><b>COSA SONO I COOKIES \u201cANALYTICS\u201d<\/b><\/span><\/p>\n<p class=\"p2\"><span class=\"s1\">Questi cookies raccolgono informazioni su come gli utenti utilizzano il sito web, ad esempio quali pagine vengono visitate pi\u00f9 spesso e se gli utenti ricevono messaggi di errore. I dati raccolti vengono letti in forma aggregata per comprendere l\u2019efficienza del sito e il livello di esperienza di navigazione; sono utilizzati unicamente per migliorare il funzionamento e le performance del sito web.<\/span><\/p>\n<p class=\"p4\"><span class=\"s1\"><b>COSA SONO I COOKIES \u201cDI PROFILAZIONE\u201d<\/b><\/span><\/p>\n<p class=\"p2\"><span class=\"s1\">Sono i cookies utilizzati per tracciare la navigazione dell\u2019utente su <\/span><span class=\"s2\"><b>nostro sito<\/b><\/span><span class=\"s1\"> e creare profili sui suoi gusti, abitudini, scelte, ecc. Con questi cookies possiamo trasmetterti informazioni a te dedicate in linea con le preferenze gi\u00e0 manifestate durante la navigazione.<\/span><\/p>\n<p class=\"p4\"><span class=\"s1\"><b>COSA SONO I COOKIES \u201cDI TERZE PARTI\u201d<\/b><\/span><\/p>\n<p class=\"p2\"><span class=\"s1\">I <i>cookies di terze parti<\/i> vengono, invece, impostati da un sito web diverso dal <\/span><span class=\"s2\"><b>nostro sito<\/b><\/span><span class=\"s1\">. Questo perch\u00e9 su ogni sito possono essere presenti elementi (immagini, mappe, suoni, specifici link a pagine web di altri domini, ecc.) che risiedono su server diversi da quello del sito visitato.<\/span><\/p>\n<p class=\"p4\"><b><\/b><span class=\"s1\"><b>COOKIES DEI SOCIAL NETWORK<\/b><\/span><\/p>\n<p class=\"p2\"><span class=\"s1\">In alcune pagine del sito possono essere presenti i pulsanti di condivisione sui maggiori Social Network: in questo caso i cookies generati appartengono al Social Network selezionato di volta in volta. Oppure \u00e8 possibile incorrere <\/span><span class=\"s2\"><b>nel nostro sito<\/b><\/span><span class=\"s1\"> attraverso collegamenti all\u2019interno di social network. Per maggiori informazioni puoi visitare le seguenti pagine:<\/span><\/p>\n<ul class=\"ul1\">\n<li class=\"li7\"><a href=\"http:\/\/www.facebook.com\/about\/privacy\/cookies\"><span class=\"s1\">http:\/\/www.facebook.com\/about\/privacy\/cookies<\/span><\/a><\/li>\n<li class=\"li7\"><a href=\"https:\/\/twitter.com\/privacy\"><span class=\"s1\">https:\/\/twitter.com\/privacy<\/span><\/a><\/li>\n<li class=\"li7\"><a href=\"https:\/\/www.google.com\/policies\/privacy\/cookies\"><span class=\"s1\">https:\/\/www.google.com\/policies\/privacy\/cookies<\/span><\/a><\/li>\n<li class=\"li7\"><a href=\"https:\/\/www.linkedin.com\/legal\/cookie_policy\"><span class=\"s1\">https:\/\/www.linkedin.com\/legal\/cookie_policy<\/span><\/a><\/li>\n<\/ul>\n<p class=\"p4\"><span class=\"s1\"><b>COME MODIFICARE LE IMPOSTAZIONI SUI COOKIES<\/b><\/span><\/p>\n<p class=\"p2\"><span class=\"s1\">La maggior parte dei browser Internet accetta i cookies automaticamente, ma \u00e8 possibile modificare le impostazioni del browser per cancellare i cookies o impedirne l\u2019accettazione automatica. Puoi anche rifiutare l\u2019uso dei cookies ma in questo caso, la possibilit\u00e0 di fornirti informazioni e servizi personalizzati sar\u00e0 limitata, o alcune funzionalit\u00e0 del sito potrebbero non funzionare correttamente ed alcuni dei servizi non essere disponibili. Di seguito una serie di link alle guide per le impostazioni relative ai cookies dei principali browser.<\/span><\/p>\n<ul class=\"ul1\">\n<li class=\"li7\"><span class=\"s4\">Internet Explorer: <a href=\"http:\/\/support.microsoft.com\/kb\/278835\"><span class=\"s5\">http:\/\/support.microsoft.com\/kb\/278835<\/span><\/a><\/span><\/li>\n<li class=\"li7\"><span class=\"s4\">Internet Explorer [versione mobile]: <a href=\"http:\/\/www.windowsphone.com\/en-us\/how-to\/wp7\/web\/changing-privacy-and-other-browser-settings\"><span class=\"s5\">http:\/\/www.windowsphone.com\/en-us\/how-to\/wp7\/web\/changing-privacy-and-other-browser-settings<\/span><\/a><\/span><\/li>\n<li class=\"li7\"><span class=\"s4\">Chrome: <a href=\"http:\/\/support.google.com\/chrome\/bin\/answer.py?hl=en-GB&amp;answer=95647\"><span class=\"s5\">http:\/\/support.google.com\/chrome\/bin\/answer.py?hl=en-GB&amp;answer=95647<\/span><\/a><\/span><\/li>\n<li class=\"li7\"><span class=\"s4\">Safari: <a href=\"http:\/\/docs.info.apple.com\/article.html?path=Safari\/5.0\/en\/9277.html\"><span class=\"s5\">http:\/\/docs.info.apple.com\/article.html?path=Safari\/5.0\/en\/9277.html<\/span><\/a><\/span><\/li>\n<li class=\"li7\"><span class=\"s4\">Safari [versione mobile]: <a href=\"http:\/\/support.apple.com\/kb\/HT1677\"><span class=\"s5\">http:\/\/support.apple.com\/kb\/HT1677<\/span><\/a><\/span><\/li>\n<li class=\"li7\"><span class=\"s4\">Firefox: <a href=\"http:\/\/support.mozilla.org\/en-US\/kb\/Enabling%20and%20disabling%20cookies\"><span class=\"s5\">http:\/\/support.mozilla.org\/en-US\/kb\/Enabling%20and%20disabling%20cookies<\/span><\/a><\/span><\/li>\n<li class=\"li7\"><span class=\"s4\">Blackberries: <a href=\"http:\/\/docs.blackberry.com\/en\/smartphone_users\/deliverables\/32004\/Turn_off_cookies_in_the_browser_60_1072866_11.jsp\"><span class=\"s5\">http:\/\/docs.blackberry.com\/en\/smartphone_users\/deliverables\/32004\/Turn_off_cookies_in_the_browser_60_1072866_11.jsp<\/span><\/a><\/span><\/li>\n<li class=\"li7\"><span class=\"s4\">Android: <a href=\"http:\/\/support.google.com\/mobile\/bin\/answer.py?hl=en&amp;answer=169022\"><span class=\"s5\">http:\/\/support.google.com\/mobile\/bin\/answer.py?hl=en&amp;answer=169022<\/span><\/a><\/span><\/li>\n<li class=\"li7\"><span class=\"s4\">Opera: <a href=\"http:\/\/www.opera.com\/browser\/tutorials\/security\/privacy\/\"><span class=\"s5\">http:\/\/www.opera.com\/browser\/tutorials\/security\/privacy\/<\/span><\/a><\/span><\/li>\n<\/ul>\n<p class=\"p2\"><span class=\"s1\">Ti ricordiamo che, disabilitando i cookies nel proprio browser, queste impostazioni si applicano a tutti i siti web e non solo a questo.<\/span><\/p>\n","protected":false},"excerpt":{"rendered":"<p>Durante la tua navigazione sul nostro sito acquisiamo alcuni dati, come l\u2019indirizzo IP del tuo computer e le pagine del sito visitate. Questi dati vengono raccolti esclusivamente per assicurarci che il sito sia funzionante e navigabile in modo corretto. Raccogliamo alcuni dati per fini commerciali e, in alcuni casi, per&#8230;<\/p>\n","protected":false},"author":1,"featured_media":0,"parent":0,"menu_order":0,"comment_status":"closed","ping_status":"closed","template":"","meta":{"footnotes":""},"_links":{"self":[{"href":"https:\/\/southeasthotel.it\/en\/wp-json\/wp\/v2\/pages\/3855\/"}],"collection":[{"href":"https:\/\/southeasthotel.it\/en\/wp-json\/wp\/v2\/pages\/"}],"about":[{"href":"https:\/\/southeasthotel.it\/en\/wp-json\/wp\/v2\/types\/page\/"}],"author":[{"embeddable":true,"href":"https:\/\/southeasthotel.it\/en\/wp-json\/wp\/v2\/users\/1\/"}],"replies":[{"embeddable":true,"href":"https:\/\/southeasthotel.it\/en\/wp-json\/wp\/v2\/comments\/?post=3855"}],"version-history":[{"count":0,"href":"https:\/\/southeasthotel.it\/en\/wp-json\/wp\/v2\/pages\/3855\/revisions\/"}],"wp:attachment":[{"href":"https:\/\/southeasthotel.it\/en\/wp-json\/wp\/v2\/media\/?parent=3855"}],"curies":[{"name":"wp","href":"https:\/\/api.w.org\/{rel}","templated":true}]}}